{"id":85,"date":"2025-11-12T07:29:53","date_gmt":"2025-11-12T07:29:53","guid":{"rendered":"https:\/\/inoxsystem.com.pl\/?page_id=85"},"modified":"2025-11-19T16:25:57","modified_gmt":"2025-11-19T16:25:57","slug":"o-nas","status":"publish","type":"page","link":"https:\/\/serwer2645076.hosting-home.pl\/autoinstalator\/wordpress\/o-nas\/","title":{"rendered":"O nas"},"content":{"rendered":"\t\t<div data-elementor-type=\"wp-page\" data-elementor-id=\"85\" class=\"elementor elementor-85\">\n\t\t\t\t<div class=\"elementor-element elementor-element-850dfcf e-flex e-con-boxed e-con e-parent\" data-id=\"850dfcf\" data-element_type=\"container\" data-settings=\"{&quot;background_background&quot;:&quot;classic&quot;}\">\n\t\t\t\t\t<div class=\"e-con-inner\">\n\t\t<div class=\"elementor-element elementor-element-44e64428 e-con-full e-flex e-con e-child\" data-id=\"44e64428\" data-element_type=\"container\">\n\t\t\t\t<div class=\"elementor-element elementor-element-6cdd516e elementor-invisible elementor-widget elementor-widget-heading\" data-id=\"6cdd516e\" data-element_type=\"widget\" data-settings=\"{&quot;_animation&quot;:&quot;fadeInUp&quot;}\" data-widget_type=\"heading.default\">\n\t\t\t\t\t<h1 class=\"elementor-heading-title elementor-size-default\">O nas<\/h1>\t\t\t\t<\/div>\n\t\t\t\t<div class=\"elementor-element elementor-element-7aba9688 elementor-invisible elementor-widget elementor-widget-text-editor\" data-id=\"7aba9688\" data-element_type=\"widget\" data-settings=\"{&quot;_animation&quot;:&quot;fadeInUp&quot;}\" data-widget_type=\"text-editor.default\">\n\t\t\t\t\t\t\t\t\t<p>W INOX SYSTEM tworzymy niezawodne rozwi\u0105zania ze stali nierdzewnej, tak trwa\u0142e jak Twoja wizja.<\/p><p>Specjalizujemy si\u0119 w produkcji mieszalnik\u00f3w, zbiornik\u00f3w procesowych oraz instalacji technologicznych dla przemys\u0142u spo\u017cywczego, chemicznego, kosmetycznego i farmaceutycznego.<\/p><p>Ka\u017cdy nasz projekt to po\u0142\u0105czenie precyzji, jako\u015bci i d\u0142ugowieczno\u015bci.<\/p>\t\t\t\t\t\t\t\t<\/div>\n\t\t\t\t<\/div>\n\t\t\t\t\t<\/div>\n\t\t\t\t<\/div>\n\t\t<div class=\"elementor-element elementor-element-56d59258 e-flex e-con-boxed e-con e-parent\" data-id=\"56d59258\" data-element_type=\"container\" data-settings=\"{&quot;background_background&quot;:&quot;classic&quot;}\">\n\t\t\t\t\t<div class=\"e-con-inner\">\n\t\t\t\t<div class=\"elementor-element elementor-element-5f9f6eb9 elementor-icon-list--layout-traditional elementor-list-item-link-full_width elementor-invisible elementor-widget elementor-widget-icon-list\" data-id=\"5f9f6eb9\" data-element_type=\"widget\" data-settings=\"{&quot;_animation&quot;:&quot;fadeInUp&quot;}\" data-widget_type=\"icon-list.default\">\n\t\t\t\t\t\t\t<ul class=\"elementor-icon-list-items\">\n\t\t\t\t\t\t\t<li class=\"elementor-icon-list-item\">\n\t\t\t\t\t\t\t\t\t\t\t<span class=\"elementor-icon-list-icon\">\n\t\t\t\t\t\t\t<svg aria-hidden=\"true\" class=\"e-font-icon-svg e-fas-angle-right\" viewBox=\"0 0 256 512\" xmlns=\"http:\/\/www.w3.org\/2000\/svg\"><path d=\"M224.3 273l-136 136c-9.4 9.4-24.6 9.4-33.9 0l-22.6-22.6c-9.4-9.4-9.4-24.6 0-33.9l96.4-96.4-96.4-96.4c-9.4-9.4-9.4-24.6 0-33.9L54.3 103c9.4-9.4 24.6-9.4 33.9 0l136 136c9.5 9.4 9.5 24.6.1 34z\"><\/path><\/svg>\t\t\t\t\t\t<\/span>\n\t\t\t\t\t\t\t\t\t\t<span class=\"elementor-icon-list-text\">O nas<\/span>\n\t\t\t\t\t\t\t\t\t<\/li>\n\t\t\t\t\t\t<\/ul>\n\t\t\t\t\t\t<\/div>\n\t\t\t\t<div class=\"elementor-element elementor-element-7e34ac4c elementor-invisible elementor-widget elementor-widget-heading\" data-id=\"7e34ac4c\" data-element_type=\"widget\" data-settings=\"{&quot;_animation&quot;:&quot;fadeInUp&quot;}\" data-widget_type=\"heading.default\">\n\t\t\t\t\t<h2 class=\"elementor-heading-title elementor-size-default\">Zaufany do\u015bwiadczeniem w bran\u017cy<\/h2>\t\t\t\t<\/div>\n\t\t\t\t<div class=\"elementor-element elementor-element-57e08539 elementor-invisible elementor-widget elementor-widget-text-editor\" data-id=\"57e08539\" data-element_type=\"widget\" data-settings=\"{&quot;_animation&quot;:&quot;fadeInUp&quot;}\" data-widget_type=\"text-editor.default\">\n\t\t\t\t\t\t\t\t\t<p>Specjalizujemy si\u0119 w dostarczaniu precyzyjnych rozwi\u0105za\u0144 produkcyjnych, dostosowanych do potrzeb r\u00f3\u017cnych ga\u0142\u0119zi przemys\u0142u \u2014 od motoryzacji po przemys\u0142 farmaceutyczny i spo\u017cywczy. Nasz\u0105 si\u0142\u0105 s\u0105 jako\u015b\u0107, innowacyjno\u015b\u0107 i pe\u0142na satysfakcja klienta.<\/p>\t\t\t\t\t\t\t\t<\/div>\n\t\t\t\t<div class=\"elementor-element elementor-element-46fdd492 elementor-invisible elementor-widget elementor-widget-text-editor\" data-id=\"46fdd492\" data-element_type=\"widget\" data-settings=\"{&quot;_animation&quot;:&quot;fadeInUp&quot;}\" data-widget_type=\"text-editor.default\">\n\t\t\t\t\t\t\t\t\tOd koncepcji po realizacj\u0119 \u2013 integrujemy nowoczesne technologie na ka\u017cdym etapie, dostarczaj\u0105c rozwi\u0105zania dopasowane do Twoich wymaga\u0144. Wyznaczamy nowe standardy w produkcji przemys\u0142owej i stale poszerzamy granice mo\u017cliwo\u015bci.\t\t\t\t\t\t\t\t<\/div>\n\t\t\t\t\t<\/div>\n\t\t\t\t<\/div>\n\t\t<div class=\"elementor-element elementor-element-24260e54 e-con-full e-flex e-con e-parent\" data-id=\"24260e54\" data-element_type=\"container\">\n\t\t<div class=\"elementor-element elementor-element-6d202f43 e-con-full e-flex e-con e-child\" data-id=\"6d202f43\" data-element_type=\"container\" data-settings=\"{&quot;background_background&quot;:&quot;slideshow&quot;,&quot;background_slideshow_gallery&quot;:[{&quot;id&quot;:17,&quot;url&quot;:&quot;http:\\\/\\\/inoxsystem.com.pl\\\/wp-content\\\/uploads\\\/2025\\\/11\\\/03.webp&quot;},{&quot;id&quot;:18,&quot;url&quot;:&quot;http:\\\/\\\/inoxsystem.com.pl\\\/wp-content\\\/uploads\\\/2025\\\/11\\\/08.webp&quot;}],&quot;background_slideshow_ken_burns&quot;:&quot;yes&quot;,&quot;background_slideshow_loop&quot;:&quot;yes&quot;,&quot;background_slideshow_slide_duration&quot;:5000,&quot;background_slideshow_slide_transition&quot;:&quot;fade&quot;,&quot;background_slideshow_transition_duration&quot;:500,&quot;background_slideshow_ken_burns_zoom_direction&quot;:&quot;in&quot;}\">\n\t\t\t\t<div class=\"elementor-element elementor-element-5dd149bb elementor-widget__width-initial elementor-widget-mobile__width-inherit elementor-invisible elementor-widget elementor-widget-heading\" data-id=\"5dd149bb\" data-element_type=\"widget\" data-settings=\"{&quot;_animation&quot;:&quot;fadeInUp&quot;}\" data-widget_type=\"heading.default\">\n\t\t\t\t\t<h3 class=\"elementor-heading-title elementor-size-default\">Zapewniamy najwy\u017csze standardy realizacji ka\u017cdego projektu<\/h3>\t\t\t\t<\/div>\n\t\t<div class=\"elementor-element elementor-element-c6bb456 e-grid e-con-full e-con e-child\" data-id=\"c6bb456\" data-element_type=\"container\">\n\t\t<div class=\"elementor-element elementor-element-9f59a5e e-con-full e-flex elementor-invisible e-con e-child\" data-id=\"9f59a5e\" data-element_type=\"container\" data-settings=\"{&quot;animation&quot;:&quot;fadeInUp&quot;}\">\n\t\t\t\t<div class=\"elementor-element elementor-element-45ff45d3 elementor-view-stacked elementor-shape-rounded elementor-widget-mobile__width-initial elementor-widget elementor-widget-icon\" data-id=\"45ff45d3\" data-element_type=\"widget\" data-widget_type=\"icon.default\">\n\t\t\t\t\t\t\t<div class=\"elementor-icon-wrapper\">\n\t\t\t<a class=\"elementor-icon\" href=\"https:\/\/serwer2645076.hosting-home.pl\/autoinstalator\/wordpress\/oferta\/\">\n\t\t\t<svg aria-hidden=\"true\" class=\"e-font-icon-svg e-fas-arrow-right\" viewBox=\"0 0 448 512\" xmlns=\"http:\/\/www.w3.org\/2000\/svg\"><path d=\"M190.5 66.9l22.2-22.2c9.4-9.4 24.6-9.4 33.9 0L441 239c9.4 9.4 9.4 24.6 0 33.9L246.6 467.3c-9.4 9.4-24.6 9.4-33.9 0l-22.2-22.2c-9.5-9.5-9.3-25 .4-34.3L311.4 296H24c-13.3 0-24-10.7-24-24v-32c0-13.3 10.7-24 24-24h287.4L190.9 101.2c-9.8-9.3-10-24.8-.4-34.3z\"><\/path><\/svg>\t\t\t<\/a>\n\t\t<\/div>\n\t\t\t\t\t\t<\/div>\n\t\t\t\t<div class=\"elementor-element elementor-element-56b45969 elementor-widget-mobile__width-initial elementor-widget elementor-widget-heading\" data-id=\"56b45969\" data-element_type=\"widget\" data-widget_type=\"heading.default\">\n\t\t\t\t\t<h6 class=\"elementor-heading-title elementor-size-default\"><a href=\"https:\/\/serwer2645076.hosting-home.pl\/autoinstalator\/wordpress\/oferta\/\">pOZNAJ NASZ PROCES<\/a><\/h6>\t\t\t\t<\/div>\n\t\t\t\t<\/div>\n\t\t<div class=\"elementor-element elementor-element-131c25a4 e-con-full e-flex e-con e-child\" data-id=\"131c25a4\" data-element_type=\"container\">\n\t\t\t\t<div class=\"elementor-element elementor-element-5c85ec44 elementor-align-right elementor-mobile-align-left elementor-invisible elementor-widget elementor-widget-button\" data-id=\"5c85ec44\" data-element_type=\"widget\" data-settings=\"{&quot;_animation&quot;:&quot;fadeInUp&quot;}\" data-widget_type=\"button.default\">\n\t\t\t\t\t\t\t\t\t\t<a class=\"elementor-button elementor-button-link elementor-size-sm\" href=\"https:\/\/serwer2645076.hosting-home.pl\/autoinstalator\/wordpress\/oferta\/\">\n\t\t\t\t\t\t<span class=\"elementor-button-content-wrapper\">\n\t\t\t\t\t\t\t\t\t<span class=\"elementor-button-text\">Nasze us\u0142ugi<\/span>\n\t\t\t\t\t<\/span>\n\t\t\t\t\t<\/a>\n\t\t\t\t\t\t\t\t<\/div>\n\t\t\t\t<\/div>\n\t\t\t\t<\/div>\n\t\t\t\t<\/div>\n\t\t\t\t<\/div>\n\t\t<div class=\"elementor-element elementor-element-70caf88a e-flex e-con-boxed e-con e-parent\" data-id=\"70caf88a\" data-element_type=\"container\">\n\t\t\t\t\t<div class=\"e-con-inner\">\n\t\t<div class=\"elementor-element elementor-element-4bb56a19 e-con-full e-flex e-con e-child\" data-id=\"4bb56a19\" data-element_type=\"container\">\n\t\t\t\t<div class=\"elementor-element elementor-element-5a5c8574 elementor-icon-list--layout-traditional elementor-list-item-link-full_width elementor-invisible elementor-widget elementor-widget-icon-list\" data-id=\"5a5c8574\" data-element_type=\"widget\" data-settings=\"{&quot;_animation&quot;:&quot;fadeInUp&quot;}\" data-widget_type=\"icon-list.default\">\n\t\t\t\t\t\t\t<ul class=\"elementor-icon-list-items\">\n\t\t\t\t\t\t\t<li class=\"elementor-icon-list-item\">\n\t\t\t\t\t\t\t\t\t\t\t<span class=\"elementor-icon-list-icon\">\n\t\t\t\t\t\t\t<svg aria-hidden=\"true\" class=\"e-font-icon-svg e-fas-angle-right\" viewBox=\"0 0 256 512\" xmlns=\"http:\/\/www.w3.org\/2000\/svg\"><path d=\"M224.3 273l-136 136c-9.4 9.4-24.6 9.4-33.9 0l-22.6-22.6c-9.4-9.4-9.4-24.6 0-33.9l96.4-96.4-96.4-96.4c-9.4-9.4-9.4-24.6 0-33.9L54.3 103c9.4-9.4 24.6-9.4 33.9 0l136 136c9.5 9.4 9.5 24.6.1 34z\"><\/path><\/svg>\t\t\t\t\t\t<\/span>\n\t\t\t\t\t\t\t\t\t\t<span class=\"elementor-icon-list-text\">Innowacyjne podej\u015bcie<\/span>\n\t\t\t\t\t\t\t\t\t<\/li>\n\t\t\t\t\t\t<\/ul>\n\t\t\t\t\t\t<\/div>\n\t\t\t\t<div class=\"elementor-element elementor-element-1d3deb59 elementor-invisible elementor-widget elementor-widget-heading\" data-id=\"1d3deb59\" data-element_type=\"widget\" data-settings=\"{&quot;_animation&quot;:&quot;fadeInUp&quot;}\" data-widget_type=\"heading.default\">\n\t\t\t\t\t<h2 class=\"elementor-heading-title elementor-size-default\">Technologia, kt\u00f3ra buduje przysz\u0142o\u015b\u0107<\/h2>\t\t\t\t<\/div>\n\t\t\t\t<div class=\"elementor-element elementor-element-5a0fbfae elementor-invisible elementor-widget elementor-widget-text-editor\" data-id=\"5a0fbfae\" data-element_type=\"widget\" data-settings=\"{&quot;_animation&quot;:&quot;fadeInUp&quot;}\" data-widget_type=\"text-editor.default\">\n\t\t\t\t\t\t\t\t\tDzi\u0119ki po\u0142\u0105czeniu zaawansowanych technologii, zr\u00f3wnowa\u017conych praktyk i innowacyjnego podej\u015bcia, tworzymy rozwi\u0105zania produkcyjne, kt\u00f3re wspieraj\u0105 rozw\u00f3j przemys\u0142u i chroni\u0105 \u015brodowisko. Nasz\u0105 misj\u0105 jest dostarczanie trwa\u0142ych, inteligentnych i przysz\u0142o\u015bciowych rozwi\u0105za\u0144, kt\u00f3re odpowiadaj\u0105 na realne potrzeby naszych klient\u00f3w.\t\t\t\t\t\t\t\t<\/div>\n\t\t\t\t<\/div>\n\t\t<div class=\"elementor-element elementor-element-5db3dd67 e-con-full e-flex e-con e-child\" data-id=\"5db3dd67\" data-element_type=\"container\">\n\t\t<div class=\"elementor-element elementor-element-25d00ad9 e-con-full e-flex e-con e-child\" data-id=\"25d00ad9\" data-element_type=\"container\">\n\t\t\t\t<\/div>\n\t\t<div class=\"elementor-element elementor-element-13e27040 e-con-full e-flex e-con e-child\" data-id=\"13e27040\" data-element_type=\"container\">\n\t\t\t\t<\/div>\n\t\t\t\t<\/div>\n\t\t\t\t\t<\/div>\n\t\t\t\t<\/div>\n\t\t\t\t<\/div>\n\t\t","protected":false},"excerpt":{"rendered":"<p>O nas W INOX SYSTEM tworzymy niezawodne rozwi\u0105zania ze stali nierdzewnej, tak trwa\u0142e jak Twoja wizja. Specjalizujemy si\u0119 w produkcji mieszalnik\u00f3w, zbiornik\u00f3w procesowych oraz instalacji technologicznych dla przemys\u0142u spo\u017cywczego, chemicznego, kosmetycznego i farmaceutycznego. Ka\u017cdy nasz projekt to po\u0142\u0105czenie precyzji, jako\u015bci i d\u0142ugowieczno\u015bci. O nas Zaufany do\u015bwiadczeniem w bran\u017cy Specjalizujemy si\u0119 w dostarczaniu precyzyjnych rozwi\u0105za\u0144 produkcyjnych, [&hellip;]<\/p>\n","protected":false},"author":1,"featured_media":0,"parent":0,"menu_order":0,"comment_status":"closed","ping_status":"closed","template":"elementor_header_footer","meta":{"footnotes":""},"class_list":["post-85","page","type-page","status-publish","hentry"],"_hostinger_reach_plugin_has_subscription_block":false,"_hostinger_reach_plugin_is_elementor":false,"_links":{"self":[{"href":"https:\/\/serwer2645076.hosting-home.pl\/autoinstalator\/wordpress\/wp-json\/wp\/v2\/pages\/85","targetHints":{"allow":["GET"]}}],"collection":[{"href":"https:\/\/serwer2645076.hosting-home.pl\/autoinstalator\/wordpress\/wp-json\/wp\/v2\/pages"}],"about":[{"href":"https:\/\/serwer2645076.hosting-home.pl\/autoinstalator\/wordpress\/wp-json\/wp\/v2\/types\/page"}],"author":[{"embeddable":true,"href":"https:\/\/serwer2645076.hosting-home.pl\/autoinstalator\/wordpress\/wp-json\/wp\/v2\/users\/1"}],"replies":[{"embeddable":true,"href":"https:\/\/serwer2645076.hosting-home.pl\/autoinstalator\/wordpress\/wp-json\/wp\/v2\/comments?post=85"}],"version-history":[{"count":31,"href":"https:\/\/serwer2645076.hosting-home.pl\/autoinstalator\/wordpress\/wp-json\/wp\/v2\/pages\/85\/revisions"}],"predecessor-version":[{"id":782,"href":"https:\/\/serwer2645076.hosting-home.pl\/autoinstalator\/wordpress\/wp-json\/wp\/v2\/pages\/85\/revisions\/782"}],"wp:attachment":[{"href":"https:\/\/serwer2645076.hosting-home.pl\/autoinstalator\/wordpress\/wp-json\/wp\/v2\/media?parent=85"}],"curies":[{"name":"wp","href":"https:\/\/api.w.org\/{rel}","templated":true}]}}